{"id":194,"date":"2024-01-06T18:37:55","date_gmt":"2024-01-06T18:37:55","guid":{"rendered":"https:\/\/ongleslili.com\/?page_id=194"},"modified":"2025-08-18T10:53:26","modified_gmt":"2025-08-18T15:53:26","slug":"maison","status":"publish","type":"page","link":"https:\/\/ongleslili.com\/index.php\/maison\/","title":{"rendered":"Bonjour!"},"content":{"rendered":"\n<p>Nous avons plus de 10 ans d&#8217;exp\u00e9rience avec les services suivants :<\/p>\n\n\n\n<p><\/p>\n\n\n\n<ol class=\"wp-block-list\">\n<li>Services de beaut\u00e9 pour vos ongles :<\/li>\n<\/ol>\n\n\n\n<ul class=\"wp-block-list\">\n<li>Coupez, limez, fa\u00e7onnez, peignez et dessinez sur vos vrais ongles<\/li>\n<\/ul>\n\n\n\n<figure class=\"wp-block-gallery has-nested-images columns-default is-cropped wp-block-gallery-1 is-layout-flex wp-block-gallery-is-layout-flex\">\n<figure class=\"wp-block-image size-large\"><img loading=\"lazy\" decoding=\"async\" width=\"600\" height=\"800\" data-id=\"374\" src=\"https:\/\/ongleslili.com\/wp-content\/uploads\/2024\/01\/mong-that-01-3.jpg\" alt=\"\" class=\"wp-image-374\" srcset=\"https:\/\/ongleslili.com\/wp-content\/uploads\/2024\/01\/mong-that-01-3.jpg 600w, https:\/\/ongleslili.com\/wp-content\/uploads\/2024\/01\/mong-that-01-3-225x300.jpg 225w\" sizes=\"auto, (max-width: 600px) 100vw, 600px\" \/><\/figure>\n\n\n\n<figure class=\"wp-block-image size-large\"><img loading=\"lazy\" decoding=\"async\" width=\"800\" height=\"500\" data-id=\"377\" src=\"https:\/\/ongleslili.com\/wp-content\/uploads\/2024\/01\/mong-that-02.jpg\" alt=\"\" class=\"wp-image-377\" srcset=\"https:\/\/ongleslili.com\/wp-content\/uploads\/2024\/01\/mong-that-02.jpg 800w, https:\/\/ongleslili.com\/wp-content\/uploads\/2024\/01\/mong-that-02-300x188.jpg 300w, https:\/\/ongleslili.com\/wp-content\/uploads\/2024\/01\/mong-that-02-768x480.jpg 768w\" sizes=\"auto, (max-width: 800px) 100vw, 800px\" \/><\/figure>\n\n\n\n<figure class=\"wp-block-image size-large\"><img loading=\"lazy\" decoding=\"async\" width=\"800\" height=\"418\" data-id=\"376\" src=\"https:\/\/ongleslili.com\/wp-content\/uploads\/2024\/01\/mong-that-3.jpg\" alt=\"\" class=\"wp-image-376\" srcset=\"https:\/\/ongleslili.com\/wp-content\/uploads\/2024\/01\/mong-that-3.jpg 800w, https:\/\/ongleslili.com\/wp-content\/uploads\/2024\/01\/mong-that-3-300x157.jpg 300w, https:\/\/ongleslili.com\/wp-content\/uploads\/2024\/01\/mong-that-3-768x401.jpg 768w\" sizes=\"auto, (max-width: 800px) 100vw, 800px\" \/><\/figure>\n<\/figure>\n\n\n\n<p><\/p>\n\n\n\n<ul class=\"wp-block-list\">\n<li>Si vous souhaitez des ongles plus longs, nous les allongerons selon votre demande.<\/li>\n<\/ul>\n\n\n\n<figure class=\"wp-block-gallery has-nested-images columns-default is-cropped wp-block-gallery-2 is-layout-flex wp-block-gallery-is-layout-flex\">\n<figure class=\"wp-block-image size-large\"><img loading=\"lazy\" decoding=\"async\" width=\"818\" height=\"1024\" data-id=\"378\" src=\"https:\/\/ongleslili.com\/wp-content\/uploads\/2024\/01\/03-18-818x1024.jpg\" alt=\"\" class=\"wp-image-378\" srcset=\"https:\/\/ongleslili.com\/wp-content\/uploads\/2024\/01\/03-18-818x1024.jpg 818w, https:\/\/ongleslili.com\/wp-content\/uploads\/2024\/01\/03-18-240x300.jpg 240w, https:\/\/ongleslili.com\/wp-content\/uploads\/2024\/01\/03-18-768x961.jpg 768w, https:\/\/ongleslili.com\/wp-content\/uploads\/2024\/01\/03-18.jpg 1170w\" sizes=\"auto, (max-width: 818px) 100vw, 818px\" \/><\/figure>\n\n\n\n<figure class=\"wp-block-image size-large\"><img loading=\"lazy\" decoding=\"async\" width=\"820\" height=\"1024\" data-id=\"379\" src=\"https:\/\/ongleslili.com\/wp-content\/uploads\/2024\/01\/04-17-820x1024.jpg\" alt=\"\" class=\"wp-image-379\" srcset=\"https:\/\/ongleslili.com\/wp-content\/uploads\/2024\/01\/04-17-820x1024.jpg 820w, https:\/\/ongleslili.com\/wp-content\/uploads\/2024\/01\/04-17-240x300.jpg 240w, https:\/\/ongleslili.com\/wp-content\/uploads\/2024\/01\/04-17-768x959.jpg 768w, https:\/\/ongleslili.com\/wp-content\/uploads\/2024\/01\/04-17.jpg 1170w\" sizes=\"auto, (max-width: 820px) 100vw, 820px\" \/><\/figure>\n\n\n\n<figure class=\"wp-block-image size-large\"><img loading=\"lazy\" decoding=\"async\" width=\"904\" height=\"1024\" data-id=\"381\" src=\"https:\/\/ongleslili.com\/wp-content\/uploads\/2024\/01\/05-9-904x1024.jpg\" alt=\"\" class=\"wp-image-381\" srcset=\"https:\/\/ongleslili.com\/wp-content\/uploads\/2024\/01\/05-9-904x1024.jpg 904w, https:\/\/ongleslili.com\/wp-content\/uploads\/2024\/01\/05-9-265x300.jpg 265w, https:\/\/ongleslili.com\/wp-content\/uploads\/2024\/01\/05-9-768x870.jpg 768w, https:\/\/ongleslili.com\/wp-content\/uploads\/2024\/01\/05-9.jpg 1170w\" sizes=\"auto, (max-width: 904px) 100vw, 904px\" \/><\/figure>\n\n\n\n<figure class=\"wp-block-image size-large\"><img loading=\"lazy\" decoding=\"async\" width=\"825\" height=\"1024\" data-id=\"384\" src=\"https:\/\/ongleslili.com\/wp-content\/uploads\/2024\/01\/06-6-825x1024.jpg\" alt=\"\" class=\"wp-image-384\" srcset=\"https:\/\/ongleslili.com\/wp-content\/uploads\/2024\/01\/06-6-825x1024.jpg 825w, https:\/\/ongleslili.com\/wp-content\/uploads\/2024\/01\/06-6-242x300.jpg 242w, https:\/\/ongleslili.com\/wp-content\/uploads\/2024\/01\/06-6-768x953.jpg 768w, https:\/\/ongleslili.com\/wp-content\/uploads\/2024\/01\/06-6.jpg 1170w\" sizes=\"auto, (max-width: 825px) 100vw, 825px\" \/><\/figure>\n\n\n\n<figure class=\"wp-block-image size-large\"><img loading=\"lazy\" decoding=\"async\" width=\"1024\" height=\"759\" data-id=\"380\" src=\"https:\/\/ongleslili.com\/wp-content\/uploads\/2024\/01\/07-9-1024x759.jpg\" alt=\"\" class=\"wp-image-380\" srcset=\"https:\/\/ongleslili.com\/wp-content\/uploads\/2024\/01\/07-9-1024x759.jpg 1024w, https:\/\/ongleslili.com\/wp-content\/uploads\/2024\/01\/07-9-300x222.jpg 300w, https:\/\/ongleslili.com\/wp-content\/uploads\/2024\/01\/07-9-768x569.jpg 768w, https:\/\/ongleslili.com\/wp-content\/uploads\/2024\/01\/07-9.jpg 1170w\" sizes=\"auto, (max-width: 1024px) 100vw, 1024px\" \/><\/figure>\n\n\n\n<figure class=\"wp-block-image size-large\"><img loading=\"lazy\" decoding=\"async\" width=\"1020\" height=\"1024\" data-id=\"383\" src=\"https:\/\/ongleslili.com\/wp-content\/uploads\/2024\/01\/08-10-1020x1024.jpg\" alt=\"\" class=\"wp-image-383\" srcset=\"https:\/\/ongleslili.com\/wp-content\/uploads\/2024\/01\/08-10-1020x1024.jpg 1020w, https:\/\/ongleslili.com\/wp-content\/uploads\/2024\/01\/08-10-300x300.jpg 300w, https:\/\/ongleslili.com\/wp-content\/uploads\/2024\/01\/08-10-150x150.jpg 150w, https:\/\/ongleslili.com\/wp-content\/uploads\/2024\/01\/08-10-768x771.jpg 768w, https:\/\/ongleslili.com\/wp-content\/uploads\/2024\/01\/08-10.jpg 1170w\" sizes=\"auto, (max-width: 1020px) 100vw, 1020px\" \/><\/figure>\n\n\n\n<figure class=\"wp-block-image size-large\"><img loading=\"lazy\" decoding=\"async\" width=\"1024\" height=\"1017\" data-id=\"385\" src=\"https:\/\/ongleslili.com\/wp-content\/uploads\/2024\/01\/09-7-1024x1017.jpg\" alt=\"\" class=\"wp-image-385\" srcset=\"https:\/\/ongleslili.com\/wp-content\/uploads\/2024\/01\/09-7-1024x1017.jpg 1024w, https:\/\/ongleslili.com\/wp-content\/uploads\/2024\/01\/09-7-300x298.jpg 300w, https:\/\/ongleslili.com\/wp-content\/uploads\/2024\/01\/09-7-150x150.jpg 150w, https:\/\/ongleslili.com\/wp-content\/uploads\/2024\/01\/09-7-768x763.jpg 768w, https:\/\/ongleslili.com\/wp-content\/uploads\/2024\/01\/09-7.jpg 1170w\" sizes=\"auto, (max-width: 1024px) 100vw, 1024px\" \/><\/figure>\n\n\n\n<figure class=\"wp-block-image size-large\"><img loading=\"lazy\" decoding=\"async\" width=\"917\" height=\"1024\" data-id=\"382\" src=\"https:\/\/ongleslili.com\/wp-content\/uploads\/2024\/01\/10-3-917x1024.jpg\" alt=\"\" class=\"wp-image-382\" srcset=\"https:\/\/ongleslili.com\/wp-content\/uploads\/2024\/01\/10-3-917x1024.jpg 917w, https:\/\/ongleslili.com\/wp-content\/uploads\/2024\/01\/10-3-269x300.jpg 269w, https:\/\/ongleslili.com\/wp-content\/uploads\/2024\/01\/10-3-768x857.jpg 768w, https:\/\/ongleslili.com\/wp-content\/uploads\/2024\/01\/10-3.jpg 1170w\" sizes=\"auto, (max-width: 917px) 100vw, 917px\" \/><\/figure>\n<\/figure>\n\n\n\n<p><\/p>\n\n\n\n<p>2\/ Services de soins pour vos pieds :<\/p>\n\n\n\n<ul class=\"wp-block-list\">\n<li>Nettoie vos pieds, exfolie pour rendre vos pieds doux et propres ;<\/li>\n\n\n\n<li>Fa\u00e7onner et peindre, dessiner les pieds selon vos envies.<\/li>\n<\/ul>\n\n\n\n<figure class=\"wp-block-gallery has-nested-images columns-default is-cropped wp-block-gallery-3 is-layout-flex wp-block-gallery-is-layout-flex\">\n<figure class=\"wp-block-image size-large\"><img loading=\"lazy\" decoding=\"async\" width=\"225\" height=\"225\" data-id=\"386\" src=\"https:\/\/ongleslili.com\/wp-content\/uploads\/2024\/01\/01-15.jpg\" alt=\"\" class=\"wp-image-386\" srcset=\"https:\/\/ongleslili.com\/wp-content\/uploads\/2024\/01\/01-15.jpg 225w, https:\/\/ongleslili.com\/wp-content\/uploads\/2024\/01\/01-15-150x150.jpg 150w\" sizes=\"auto, (max-width: 225px) 100vw, 225px\" \/><\/figure>\n\n\n\n<figure class=\"wp-block-image size-large\"><img loading=\"lazy\" decoding=\"async\" width=\"284\" height=\"177\" data-id=\"387\" src=\"https:\/\/ongleslili.com\/wp-content\/uploads\/2024\/01\/02-19.jpg\" alt=\"\" class=\"wp-image-387\"\/><\/figure>\n\n\n\n<figure class=\"wp-block-image size-large\"><img loading=\"lazy\" decoding=\"async\" width=\"225\" height=\"225\" data-id=\"388\" src=\"https:\/\/ongleslili.com\/wp-content\/uploads\/2024\/01\/03-19.jpg\" alt=\"\" class=\"wp-image-388\" srcset=\"https:\/\/ongleslili.com\/wp-content\/uploads\/2024\/01\/03-19.jpg 225w, https:\/\/ongleslili.com\/wp-content\/uploads\/2024\/01\/03-19-150x150.jpg 150w\" sizes=\"auto, (max-width: 225px) 100vw, 225px\" \/><\/figure>\n\n\n\n<figure class=\"wp-block-image size-large\"><img loading=\"lazy\" decoding=\"async\" width=\"224\" height=\"224\" data-id=\"389\" src=\"https:\/\/ongleslili.com\/wp-content\/uploads\/2024\/01\/04-18.jpg\" alt=\"\" class=\"wp-image-389\" srcset=\"https:\/\/ongleslili.com\/wp-content\/uploads\/2024\/01\/04-18.jpg 224w, https:\/\/ongleslili.com\/wp-content\/uploads\/2024\/01\/04-18-150x150.jpg 150w\" sizes=\"auto, (max-width: 224px) 100vw, 224px\" \/><\/figure>\n\n\n\n<figure class=\"wp-block-image size-large\"><img loading=\"lazy\" decoding=\"async\" width=\"1024\" height=\"768\" data-id=\"390\" src=\"https:\/\/ongleslili.com\/wp-content\/uploads\/2024\/01\/05-10-1024x768.jpg\" alt=\"\" class=\"wp-image-390\" srcset=\"https:\/\/ongleslili.com\/wp-content\/uploads\/2024\/01\/05-10-1024x768.jpg 1024w, https:\/\/ongleslili.com\/wp-content\/uploads\/2024\/01\/05-10-300x225.jpg 300w, https:\/\/ongleslili.com\/wp-content\/uploads\/2024\/01\/05-10-768x576.jpg 768w, https:\/\/ongleslili.com\/wp-content\/uploads\/2024\/01\/05-10.jpg 1200w\" sizes=\"auto, (max-width: 1024px) 100vw, 1024px\" \/><\/figure>\n<\/figure>\n\n\n\n<p>3\/ Service d&#8217;\u00e9pilation :<br>\u00c9pilez tout votre corps et fa\u00e7onnez vos sourcils.<\/p>\n\n\n\n<figure class=\"wp-block-gallery has-nested-images columns-default is-cropped wp-block-gallery-4 is-layout-flex wp-block-gallery-is-layout-flex\">\n<figure class=\"wp-block-image size-large\"><img loading=\"lazy\" decoding=\"async\" width=\"500\" height=\"416\" data-id=\"393\" src=\"https:\/\/ongleslili.com\/wp-content\/uploads\/2024\/01\/02-20.jpg\" alt=\"\" class=\"wp-image-393\" srcset=\"https:\/\/ongleslili.com\/wp-content\/uploads\/2024\/01\/02-20.jpg 500w, https:\/\/ongleslili.com\/wp-content\/uploads\/2024\/01\/02-20-300x250.jpg 300w\" sizes=\"auto, (max-width: 500px) 100vw, 500px\" \/><\/figure>\n\n\n\n<figure class=\"wp-block-image size-large\"><img loading=\"lazy\" decoding=\"async\" width=\"300\" height=\"223\" data-id=\"391\" src=\"https:\/\/ongleslili.com\/wp-content\/uploads\/2024\/01\/03-20.jpg\" alt=\"\" class=\"wp-image-391\"\/><\/figure>\n\n\n\n<figure class=\"wp-block-image size-large\"><img loading=\"lazy\" decoding=\"async\" width=\"500\" height=\"333\" data-id=\"395\" src=\"https:\/\/ongleslili.com\/wp-content\/uploads\/2024\/01\/04-Copy.jpg\" alt=\"\" class=\"wp-image-395\" srcset=\"https:\/\/ongleslili.com\/wp-content\/uploads\/2024\/01\/04-Copy.jpg 500w, https:\/\/ongleslili.com\/wp-content\/uploads\/2024\/01\/04-Copy-300x200.jpg 300w\" sizes=\"auto, (max-width: 500px) 100vw, 500px\" \/><\/figure>\n\n\n\n<figure class=\"wp-block-image size-large\"><img loading=\"lazy\" decoding=\"async\" width=\"480\" height=\"360\" data-id=\"392\" src=\"https:\/\/ongleslili.com\/wp-content\/uploads\/2024\/01\/05-11.jpg\" alt=\"\" class=\"wp-image-392\" srcset=\"https:\/\/ongleslili.com\/wp-content\/uploads\/2024\/01\/05-11.jpg 480w, https:\/\/ongleslili.com\/wp-content\/uploads\/2024\/01\/05-11-300x225.jpg 300w\" sizes=\"auto, (max-width: 480px) 100vw, 480px\" \/><\/figure>\n\n\n\n<figure class=\"wp-block-image size-large\"><img loading=\"lazy\" decoding=\"async\" width=\"1024\" height=\"768\" data-id=\"394\" src=\"https:\/\/ongleslili.com\/wp-content\/uploads\/2024\/01\/06-7-1024x768.jpg\" alt=\"\" class=\"wp-image-394\" srcset=\"https:\/\/ongleslili.com\/wp-content\/uploads\/2024\/01\/06-7-1024x768.jpg 1024w, https:\/\/ongleslili.com\/wp-content\/uploads\/2024\/01\/06-7-300x225.jpg 300w, https:\/\/ongleslili.com\/wp-content\/uploads\/2024\/01\/06-7-768x576.jpg 768w, https:\/\/ongleslili.com\/wp-content\/uploads\/2024\/01\/06-7.jpg 1284w\" sizes=\"auto, (max-width: 1024px) 100vw, 1024px\" \/><\/figure>\n<\/figure>\n\n\n\n<p><\/p>\n\n\n\n<p>4\/ Service d&#8217;extension de cils :<br>Si vos cils sont courts et clairsem\u00e9s, nous en ajouterons davantage et les rendrons plus longs, cr\u00e9ant ainsi un point culminant pour vos yeux.<\/p>\n\n\n\n<figure class=\"wp-block-gallery has-nested-images columns-default is-cropped wp-block-gallery-5 is-layout-flex wp-block-gallery-is-layout-flex\">\n<figure class=\"wp-block-image size-large\"><img loading=\"lazy\" decoding=\"async\" width=\"640\" height=\"360\" data-id=\"396\" src=\"https:\/\/ongleslili.com\/wp-content\/uploads\/2024\/01\/01-16.jpg\" alt=\"\" class=\"wp-image-396\" srcset=\"https:\/\/ongleslili.com\/wp-content\/uploads\/2024\/01\/01-16.jpg 640w, https:\/\/ongleslili.com\/wp-content\/uploads\/2024\/01\/01-16-300x169.jpg 300w\" sizes=\"auto, (max-width: 640px) 100vw, 640px\" \/><\/figure>\n\n\n\n<figure class=\"wp-block-image size-large\"><img loading=\"lazy\" decoding=\"async\" width=\"500\" height=\"333\" data-id=\"397\" src=\"https:\/\/ongleslili.com\/wp-content\/uploads\/2024\/01\/02-21.jpg\" alt=\"\" class=\"wp-image-397\" srcset=\"https:\/\/ongleslili.com\/wp-content\/uploads\/2024\/01\/02-21.jpg 500w, https:\/\/ongleslili.com\/wp-content\/uploads\/2024\/01\/02-21-300x200.jpg 300w\" sizes=\"auto, (max-width: 500px) 100vw, 500px\" \/><\/figure>\n\n\n\n<figure class=\"wp-block-image size-large\"><img loading=\"lazy\" decoding=\"async\" width=\"700\" height=\"444\" data-id=\"400\" src=\"https:\/\/ongleslili.com\/wp-content\/uploads\/2024\/01\/03-21.jpg\" alt=\"\" class=\"wp-image-400\" srcset=\"https:\/\/ongleslili.com\/wp-content\/uploads\/2024\/01\/03-21.jpg 700w, https:\/\/ongleslili.com\/wp-content\/uploads\/2024\/01\/03-21-300x190.jpg 300w\" sizes=\"auto, (max-width: 700px) 100vw, 700px\" \/><\/figure>\n\n\n\n<figure class=\"wp-block-image size-large\"><img loading=\"lazy\" decoding=\"async\" width=\"275\" height=\"183\" data-id=\"398\" src=\"https:\/\/ongleslili.com\/wp-content\/uploads\/2024\/01\/04-19.jpg\" alt=\"\" class=\"wp-image-398\"\/><\/figure>\n\n\n\n<figure class=\"wp-block-image size-large\"><img loading=\"lazy\" decoding=\"async\" width=\"241\" height=\"209\" data-id=\"399\" src=\"https:\/\/ongleslili.com\/wp-content\/uploads\/2024\/01\/tai-xuong-1.jpg\" alt=\"\" class=\"wp-image-399\"\/><\/figure>\n<\/figure>\n","protected":false},"excerpt":{"rendered":"<p>Nous avons plus de 10 ans d&#8217;exp\u00e9rience avec les services suivants : 2\/ Services de soins pour vos pieds : 3\/ Service d&#8217;\u00e9pilation :\u00c9pilez tout votre corps et fa\u00e7onnez vos sourcils. 4\/ Service d&#8217;extension de cils :Si vos cils sont courts et clairsem\u00e9s, nous en ajouterons davantage et les rendrons plus longs, cr\u00e9ant ainsi un [&hellip;]<\/p>\n","protected":false},"author":1,"featured_media":0,"parent":0,"menu_order":0,"comment_status":"closed","ping_status":"closed","template":"","meta":{"footnotes":""},"class_list":["post-194","page","type-page","status-publish","hentry"],"_links":{"self":[{"href":"https:\/\/ongleslili.com\/index.php\/wp-json\/wp\/v2\/pages\/194","targetHints":{"allow":["GET"]}}],"collection":[{"href":"https:\/\/ongleslili.com\/index.php\/wp-json\/wp\/v2\/pages"}],"about":[{"href":"https:\/\/ongleslili.com\/index.php\/wp-json\/wp\/v2\/types\/page"}],"author":[{"embeddable":true,"href":"https:\/\/ongleslili.com\/index.php\/wp-json\/wp\/v2\/users\/1"}],"replies":[{"embeddable":true,"href":"https:\/\/ongleslili.com\/index.php\/wp-json\/wp\/v2\/comments?post=194"}],"version-history":[{"count":5,"href":"https:\/\/ongleslili.com\/index.php\/wp-json\/wp\/v2\/pages\/194\/revisions"}],"predecessor-version":[{"id":726,"href":"https:\/\/ongleslili.com\/index.php\/wp-json\/wp\/v2\/pages\/194\/revisions\/726"}],"wp:attachment":[{"href":"https:\/\/ongleslili.com\/index.php\/wp-json\/wp\/v2\/media?parent=194"}],"curies":[{"name":"wp","href":"https:\/\/api.w.org\/{rel}","templated":true}]}}